{"id":5555,"date":"2024-09-05T15:24:21","date_gmt":"2024-09-05T14:24:21","guid":{"rendered":"https:\/\/www.fasodansetheatre.com\/productions\/et-demain\/"},"modified":"2024-09-05T15:24:33","modified_gmt":"2024-09-05T14:24:33","slug":"et-demain","status":"publish","type":"page","link":"https:\/\/www.fasodansetheatre.com\/fr\/productions\/et-demain\/","title":{"rendered":"Et demain"},"content":{"rendered":"\t\t<div data-elementor-type=\"wp-page\" data-elementor-id=\"5555\" class=\"elementor elementor-5555 elementor-4867\" data-elementor-post-type=\"page\">\n\t\t\t\t<div class=\"elementor-element elementor-element-4301e17 e-con-full e-flex e-con e-parent\" data-id=\"4301e17\" data-element_type=\"container\" data-settings=\"{&quot;background_background&quot;:&quot;classic&quot;,&quot;shape_divider_bottom&quot;:&quot;curve-asymmetrical&quot;,&quot;shape_divider_bottom_negative&quot;:&quot;yes&quot;}\" data-core-v316-plus=\"true\">\n\t\t\t\t<div class=\"elementor-shape elementor-shape-bottom\" data-negative=\"true\">\n\t\t\t<svg xmlns=\"http:\/\/www.w3.org\/2000\/svg\" viewBox=\"0 0 1000 100\" preserveAspectRatio=\"none\">\n\t<path class=\"elementor-shape-fill\" d=\"M615.2,96.7C240.2,97.8,0,18.9,0,0v100h1000V0C1000,19.2,989.8,96,615.2,96.7z\"\/>\n<\/svg>\t\t<\/div>\n\t\t\t\t<div class=\"elementor-element elementor-element-e4ad82f elementor-widget elementor-widget-spacer\" data-id=\"e4ad82f\" data-element_type=\"widget\" data-widget_type=\"spacer.default\">\n\t\t\t\t<div class=\"elementor-widget-container\">\n\t\t\t<style>\/*! elementor - v3.20.0 - 11-03-2024 *\/\n.elementor-column .elementor-spacer-inner{height:var(--spacer-size)}.e-con{--container-widget-width:100%}.e-con-inner>.elementor-widget-spacer,.e-con>.elementor-widget-spacer{width:var(--container-widget-width,var(--spacer-size));--align-self:var(--container-widget-align-self,initial);--flex-shrink:0}.e-con-inner>.elementor-widget-spacer>.elementor-widget-container,.e-con>.elementor-widget-spacer>.elementor-widget-container{height:100%;width:100%}.e-con-inner>.elementor-widget-spacer>.elementor-widget-container>.elementor-spacer,.e-con>.elementor-widget-spacer>.elementor-widget-container>.elementor-spacer{height:100%}.e-con-inner>.elementor-widget-spacer>.elementor-widget-container>.elementor-spacer>.elementor-spacer-inner,.e-con>.elementor-widget-spacer>.elementor-widget-container>.elementor-spacer>.elementor-spacer-inner{height:var(--container-widget-height,var(--spacer-size))}.e-con-inner>.elementor-widget-spacer.elementor-widget-empty,.e-con>.elementor-widget-spacer.elementor-widget-empty{position:relative;min-height:22px;min-width:22px}.e-con-inner>.elementor-widget-spacer.elementor-widget-empty .elementor-widget-empty-icon,.e-con>.elementor-widget-spacer.elementor-widget-empty .elementor-widget-empty-icon{position:absolute;top:0;bottom:0;left:0;right:0;margin:auto;padding:0;width:22px;height:22px}<\/style>\t\t<div class=\"elementor-spacer\">\n\t\t\t<div class=\"elementor-spacer-inner\"><\/div>\n\t\t<\/div>\n\t\t\t\t<\/div>\n\t\t\t\t<\/div>\n\t\t\t\t<div class=\"elementor-element elementor-element-24f5a50 elementor-widget elementor-widget-heading\" data-id=\"24f5a50\" data-element_type=\"widget\" data-widget_type=\"heading.default\">\n\t\t\t\t<div class=\"elementor-widget-container\">\n\t\t\t<style>\/*! elementor - v3.20.0 - 11-03-2024 *\/\n.elementor-heading-title{padding:0;margin:0;line-height:1}.elementor-widget-heading .elementor-heading-title[class*=elementor-size-]>a{color:inherit;font-size:inherit;line-height:inherit}.elementor-widget-heading .elementor-heading-title.elementor-size-small{font-size:15px}.elementor-widget-heading .elementor-heading-title.elementor-size-medium{font-size:19px}.elementor-widget-heading .elementor-heading-title.elementor-size-large{font-size:29px}.elementor-widget-heading .elementor-heading-title.elementor-size-xl{font-size:39px}.elementor-widget-heading .elementor-heading-title.elementor-size-xxl{font-size:59px}<\/style><h1 class=\"elementor-heading-title elementor-size-default\">ET DEMAIN<\/h1>\t\t<\/div>\n\t\t\t\t<\/div>\n\t\t\t\t<div class=\"elementor-element elementor-element-10ae43a elementor-widget elementor-widget-heading\" data-id=\"10ae43a\" data-element_type=\"widget\" data-widget_type=\"heading.default\">\n\t\t\t\t<div class=\"elementor-widget-container\">\n\t\t\t<h4 class=\"elementor-heading-title elementor-size-default\">2004<\/h4>\t\t<\/div>\n\t\t\t\t<\/div>\n\t\t\t\t<div class=\"elementor-element elementor-element-7c3f70f elementor-widget elementor-widget-spacer\" data-id=\"7c3f70f\" data-element_type=\"widget\" data-widget_type=\"spacer.default\">\n\t\t\t\t<div class=\"elementor-widget-container\">\n\t\t\t\t\t<div class=\"elementor-spacer\">\n\t\t\t<div class=\"elementor-spacer-inner\"><\/div>\n\t\t<\/div>\n\t\t\t\t<\/div>\n\t\t\t\t<\/div>\n\t\t\t\t<\/div>\n\t\t<div class=\"elementor-element elementor-element-4d277b1 e-flex e-con-boxed e-con e-parent\" data-id=\"4d277b1\" data-element_type=\"container\" data-settings=\"{&quot;background_background&quot;:&quot;gradient&quot;}\" data-core-v316-plus=\"true\">\n\t\t\t\t\t<div class=\"e-con-inner\">\n\t\t<div class=\"elementor-element elementor-element-7ca02b9 e-con-full e-flex e-con e-child\" data-id=\"7ca02b9\" data-element_type=\"container\">\n\t\t\t\t<div class=\"elementor-element elementor-element-a667e52 elementor-widget__width-inherit elementor-widget elementor-widget-text-editor\" data-id=\"a667e52\" data-element_type=\"widget\" data-widget_type=\"text-editor.default\">\n\t\t\t\t<div class=\"elementor-widget-container\">\n\t\t\t<style>\/*! elementor - v3.20.0 - 11-03-2024 *\/\n.elementor-widget-text-editor.elementor-drop-cap-view-stacked .elementor-drop-cap{background-color:#69727d;color:#fff}.elementor-widget-text-editor.elementor-drop-cap-view-framed .elementor-drop-cap{color:#69727d;border:3px solid;background-color:transparent}.elementor-widget-text-editor:not(.elementor-drop-cap-view-default) .elementor-drop-cap{margin-top:8px}.elementor-widget-text-editor:not(.elementor-drop-cap-view-default) .elementor-drop-cap-letter{width:1em;height:1em}.elementor-widget-text-editor .elementor-drop-cap{float:left;text-align:center;line-height:1;font-size:50px}.elementor-widget-text-editor .elementor-drop-cap-letter{display:inline-block}<\/style>\t\t\t\t<p>Qu&#8217;est-ce qui s\u00e9pare le banal du puissant ou l&#8217;ennui de la violence ? Le fil est si fin ; et plus le fil est fin, plus la distance entre les privil\u00e9gi\u00e9s et les d\u00e9favoris\u00e9s de la soci\u00e9t\u00e9 est grande. Quel est le moment o\u00f9 les moments de complaisance dans l&#8217;attente d&#8217;un avenir meilleur et plus prometteur se transforment en une escalade violente ? Alors que des corps ne faisaient que se taquiner, se montrer des pas de danse ou se balancer sur un mur, quand risquent-ils d&#8217;entrer dans le chaos ?<\/p>\n\t\t\t\t\t\t<\/div>\n\t\t\t\t<\/div>\n\t\t\t\t<div class=\"elementor-element elementor-element-3e21ffc elementor-arrows-position-outside elementor-pagination-position-outside elementor-widget elementor-widget-image-carousel\" data-id=\"3e21ffc\" data-element_type=\"widget\" data-settings=\"{&quot;slides_to_show&quot;:&quot;1&quot;,&quot;navigation&quot;:&quot;both&quot;,&quot;autoplay&quot;:&quot;yes&quot;,&quot;pause_on_hover&quot;:&quot;yes&quot;,&quot;pause_on_interaction&quot;:&quot;yes&quot;,&quot;autoplay_speed&quot;:5000,&quot;infinite&quot;:&quot;yes&quot;,&quot;effect&quot;:&quot;slide&quot;,&quot;speed&quot;:500}\" data-widget_type=\"image-carousel.default\">\n\t\t\t\t<div class=\"elementor-widget-container\">\n\t\t\t<style>\/*! elementor - v3.20.0 - 11-03-2024 *\/\n.elementor-widget-image-carousel .swiper,.elementor-widget-image-carousel .swiper-container{position:static}.elementor-widget-image-carousel .swiper-container .swiper-slide figure,.elementor-widget-image-carousel .swiper .swiper-slide figure{line-height:inherit}.elementor-widget-image-carousel .swiper-slide{text-align:center}.elementor-image-carousel-wrapper:not(.swiper-container-initialized):not(.swiper-initialized) .swiper-slide{max-width:calc(100% \/ var(--e-image-carousel-slides-to-show, 3))}<\/style>\t\t<div class=\"elementor-image-carousel-wrapper swiper\" dir=\"ltr\">\n\t\t\t<div class=\"elementor-image-carousel swiper-wrapper\" aria-live=\"off\">\n\t\t\t\t\t\t\t\t<div class=\"swiper-slide\" role=\"group\" aria-roledescription=\"slide\" aria-label=\"1 sur 2\"><figure class=\"swiper-slide-inner\"><img decoding=\"async\" class=\"swiper-slide-image\" src=\"https:\/\/www.fasodansetheatre.com\/wp-content\/uploads\/2024\/03\/unnamed-2-768x576-1.jpg\" alt=\"unnamed-2-768x576\" \/><\/figure><\/div><div class=\"swiper-slide\" role=\"group\" aria-roledescription=\"slide\" aria-label=\"2 sur 2\"><figure class=\"swiper-slide-inner\"><img decoding=\"async\" class=\"swiper-slide-image\" src=\"https:\/\/www.fasodansetheatre.com\/wp-content\/uploads\/2024\/03\/unnamed-1-768x576-1.jpg\" alt=\"unnamed-1-768x576\" \/><\/figure><\/div>\t\t\t<\/div>\n\t\t\t\t\t\t\t\t\t\t\t\t<div class=\"elementor-swiper-button elementor-swiper-button-prev\" role=\"button\" tabindex=\"0\">\n\t\t\t\t\t\t<svg aria-hidden=\"true\" class=\"e-font-icon-svg e-eicon-chevron-left\" viewBox=\"0 0 1000 1000\" xmlns=\"http:\/\/www.w3.org\/2000\/svg\"><path d=\"M646 125C629 125 613 133 604 142L308 442C296 454 292 471 292 487 292 504 296 521 308 533L604 854C617 867 629 875 646 875 663 875 679 871 692 858 704 846 713 829 713 812 713 796 708 779 692 767L438 487 692 225C700 217 708 204 708 187 708 171 704 154 692 142 675 129 663 125 646 125Z\"><\/path><\/svg>\t\t\t\t\t<\/div>\n\t\t\t\t\t<div class=\"elementor-swiper-button elementor-swiper-button-next\" role=\"button\" tabindex=\"0\">\n\t\t\t\t\t\t<svg aria-hidden=\"true\" class=\"e-font-icon-svg e-eicon-chevron-right\" viewBox=\"0 0 1000 1000\" xmlns=\"http:\/\/www.w3.org\/2000\/svg\"><path d=\"M696 533C708 521 713 504 713 487 713 471 708 454 696 446L400 146C388 133 375 125 354 125 338 125 325 129 313 142 300 154 292 171 292 187 292 204 296 221 308 233L563 492 304 771C292 783 288 800 288 817 288 833 296 850 308 863 321 871 338 875 354 875 371 875 388 867 400 854L696 533Z\"><\/path><\/svg>\t\t\t\t\t<\/div>\n\t\t\t\t\n\t\t\t\t\t\t\t\t\t<div class=\"swiper-pagination\"><\/div>\n\t\t\t\t\t\t\t\t\t<\/div>\n\t\t\t\t<\/div>\n\t\t\t\t<\/div>\n\t\t\t\t<\/div>\n\t\t\t\t\t<\/div>\n\t\t\t\t<\/div>\n\t\t\t\t<\/div>\n\t\t","protected":false},"excerpt":{"rendered":"<p>ET DEMAIN 2004 Qu&#8217;est-ce qui s\u00e9pare le banal du puissant ou l&#8217;ennui de la violence ? Le fil est si fin ; et plus le fil est fin, plus la distance entre les privil\u00e9gi\u00e9s et les d\u00e9favoris\u00e9s de la soci\u00e9t\u00e9 est grande. Quel est le moment o\u00f9 les moments de complaisance dans l&#8217;attente d&#8217;un avenir [&hellip;]<\/p>\n","protected":false},"author":3,"featured_media":0,"parent":5430,"menu_order":0,"comment_status":"closed","ping_status":"closed","template":"","meta":{"_monsterinsights_skip_tracking":false,"_monsterinsights_sitenote_active":false,"_monsterinsights_sitenote_note":"","_monsterinsights_sitenote_category":0,"ocean_post_layout":"","ocean_both_sidebars_style":"","ocean_both_sidebars_content_width":0,"ocean_both_sidebars_sidebars_width":0,"ocean_sidebar":"","ocean_second_sidebar":"","ocean_disable_margins":"enable","ocean_add_body_class":"","ocean_shortcode_before_top_bar":"","ocean_shortcode_after_top_bar":"","ocean_shortcode_before_header":"","ocean_shortcode_after_header":"","ocean_has_shortcode":"","ocean_shortcode_after_title":"","ocean_shortcode_before_footer_widgets":"","ocean_shortcode_after_footer_widgets":"","ocean_shortcode_before_footer_bottom":"","ocean_shortcode_after_footer_bottom":"","ocean_display_top_bar":"default","ocean_display_header":"default","ocean_header_style":"","ocean_center_header_left_menu":"","ocean_custom_header_template":"","ocean_custom_logo":0,"ocean_custom_retina_logo":0,"ocean_custom_logo_max_width":0,"ocean_custom_logo_tablet_max_width":0,"ocean_custom_logo_mobile_max_width":0,"ocean_custom_logo_max_height":0,"ocean_custom_logo_tablet_max_height":0,"ocean_custom_logo_mobile_max_height":0,"ocean_header_custom_menu":"","ocean_menu_typo_font_family":"","ocean_menu_typo_font_subset":"","ocean_menu_typo_font_size":0,"ocean_menu_typo_font_size_tablet":0,"ocean_menu_typo_font_size_mobile":0,"ocean_menu_typo_font_size_unit":"px","ocean_menu_typo_font_weight":"","ocean_menu_typo_font_weight_tablet":"","ocean_menu_typo_font_weight_mobile":"","ocean_menu_typo_transform":"","ocean_menu_typo_transform_tablet":"","ocean_menu_typo_transform_mobile":"","ocean_menu_typo_line_height":0,"ocean_menu_typo_line_height_tablet":0,"ocean_menu_typo_line_height_mobile":0,"ocean_menu_typo_line_height_unit":"","ocean_menu_typo_spacing":0,"ocean_menu_typo_spacing_tablet":0,"ocean_menu_typo_spacing_mobile":0,"ocean_menu_typo_spacing_unit":"","ocean_menu_link_color":"","ocean_menu_link_color_hover":"","ocean_menu_link_color_active":"","ocean_menu_link_background":"","ocean_menu_link_hover_background":"","ocean_menu_link_active_background":"","ocean_menu_social_links_bg":"","ocean_menu_social_hover_links_bg":"","ocean_menu_social_links_color":"","ocean_menu_social_hover_links_color":"","ocean_disable_title":"default","ocean_disable_heading":"default","ocean_post_title":"","ocean_post_subheading":"","ocean_post_title_style":"","ocean_post_title_background_color":"","ocean_post_title_background":0,"ocean_post_title_bg_image_position":"","ocean_post_title_bg_image_attachment":"","ocean_post_title_bg_image_repeat":"","ocean_post_title_bg_image_size":"","ocean_post_title_height":0,"ocean_post_title_bg_overlay":0.5,"ocean_post_title_bg_overlay_color":"","ocean_disable_breadcrumbs":"default","ocean_breadcrumbs_color":"","ocean_breadcrumbs_separator_color":"","ocean_breadcrumbs_links_color":"","ocean_breadcrumbs_links_hover_color":"","ocean_display_footer_widgets":"default","ocean_display_footer_bottom":"default","ocean_custom_footer_template":"","footnotes":""},"yoast_head":"<!-- This site is optimized with the Yoast SEO plugin v23.4 - https:\/\/yoast.com\/wordpress\/plugins\/seo\/ -->\n<title>Et demain - Faso Danse Theatre<\/title>\n<meta name=\"robots\" content=\"index, follow, max-snippet:-1, max-image-preview:large, max-video-preview:-1\" \/>\n<link rel=\"canonical\" href=\"https:\/\/www.fasodansetheatre.com\/fr\/productions\/et-demain\/\" \/>\n<meta property=\"og:locale\" content=\"fr_FR\" \/>\n<meta property=\"og:type\" content=\"article\" \/>\n<meta property=\"og:title\" content=\"Et demain - Faso Danse Theatre\" \/>\n<meta property=\"og:description\" content=\"ET DEMAIN 2004 Qu&#8217;est-ce qui s\u00e9pare le banal du puissant ou l&#8217;ennui de la violence ? Le fil est si fin ; et plus le fil est fin, plus la distance entre les privil\u00e9gi\u00e9s et les d\u00e9favoris\u00e9s de la soci\u00e9t\u00e9 est grande. Quel est le moment o\u00f9 les moments de complaisance dans l&#8217;attente d&#8217;un avenir [&hellip;]\" \/>\n<meta property=\"og:url\" content=\"https:\/\/www.fasodansetheatre.com\/fr\/productions\/et-demain\/\" \/>\n<meta property=\"og:site_name\" content=\"Faso Danse Theatre\" \/>\n<meta property=\"article:modified_time\" content=\"2024-09-05T14:24:33+00:00\" \/>\n<meta property=\"og:image\" content=\"https:\/\/www.fasodansetheatre.com\/wp-content\/uploads\/2024\/03\/unnamed-2-768x576-1.jpg\" \/>\n<meta name=\"twitter:card\" content=\"summary_large_image\" \/>\n<script type=\"application\/ld+json\" class=\"yoast-schema-graph\">{\"@context\":\"https:\/\/schema.org\",\"@graph\":[{\"@type\":\"WebPage\",\"@id\":\"https:\/\/www.fasodansetheatre.com\/fr\/productions\/et-demain\/\",\"url\":\"https:\/\/www.fasodansetheatre.com\/fr\/productions\/et-demain\/\",\"name\":\"Et demain - Faso Danse Theatre\",\"isPartOf\":{\"@id\":\"https:\/\/www.fasodansetheatre.com\/#website\"},\"primaryImageOfPage\":{\"@id\":\"https:\/\/www.fasodansetheatre.com\/fr\/productions\/et-demain\/#primaryimage\"},\"image\":{\"@id\":\"https:\/\/www.fasodansetheatre.com\/fr\/productions\/et-demain\/#primaryimage\"},\"thumbnailUrl\":\"https:\/\/www.fasodansetheatre.com\/wp-content\/uploads\/2024\/03\/unnamed-2-768x576-1.jpg\",\"datePublished\":\"2024-09-05T14:24:21+00:00\",\"dateModified\":\"2024-09-05T14:24:33+00:00\",\"breadcrumb\":{\"@id\":\"https:\/\/www.fasodansetheatre.com\/fr\/productions\/et-demain\/#breadcrumb\"},\"inLanguage\":\"fr-FR\",\"potentialAction\":[{\"@type\":\"ReadAction\",\"target\":[\"https:\/\/www.fasodansetheatre.com\/fr\/productions\/et-demain\/\"]}]},{\"@type\":\"ImageObject\",\"inLanguage\":\"fr-FR\",\"@id\":\"https:\/\/www.fasodansetheatre.com\/fr\/productions\/et-demain\/#primaryimage\",\"url\":\"https:\/\/www.fasodansetheatre.com\/wp-content\/uploads\/2024\/03\/unnamed-2-768x576-1.jpg\",\"contentUrl\":\"https:\/\/www.fasodansetheatre.com\/wp-content\/uploads\/2024\/03\/unnamed-2-768x576-1.jpg\"},{\"@type\":\"BreadcrumbList\",\"@id\":\"https:\/\/www.fasodansetheatre.com\/fr\/productions\/et-demain\/#breadcrumb\",\"itemListElement\":[{\"@type\":\"ListItem\",\"position\":1,\"name\":\"Home\",\"item\":\"https:\/\/www.fasodansetheatre.com\/\"},{\"@type\":\"ListItem\",\"position\":2,\"name\":\"Productions\",\"item\":\"https:\/\/www.fasodansetheatre.com\/fr\/productions\/\"},{\"@type\":\"ListItem\",\"position\":3,\"name\":\"Et demain\"}]},{\"@type\":\"WebSite\",\"@id\":\"https:\/\/www.fasodansetheatre.com\/#website\",\"url\":\"https:\/\/www.fasodansetheatre.com\/\",\"name\":\"Faso Danse Theatre\",\"description\":\"\",\"publisher\":{\"@id\":\"https:\/\/www.fasodansetheatre.com\/#organization\"},\"potentialAction\":[{\"@type\":\"SearchAction\",\"target\":{\"@type\":\"EntryPoint\",\"urlTemplate\":\"https:\/\/www.fasodansetheatre.com\/?s={search_term_string}\"},\"query-input\":{\"@type\":\"PropertyValueSpecification\",\"valueRequired\":true,\"valueName\":\"search_term_string\"}}],\"inLanguage\":\"fr-FR\"},{\"@type\":\"Organization\",\"@id\":\"https:\/\/www.fasodansetheatre.com\/#organization\",\"name\":\"Faso Danse Theatre\",\"url\":\"https:\/\/www.fasodansetheatre.com\/\",\"logo\":{\"@type\":\"ImageObject\",\"inLanguage\":\"fr-FR\",\"@id\":\"https:\/\/www.fasodansetheatre.com\/#\/schema\/logo\/image\/\",\"url\":\"https:\/\/www.fasodansetheatre.com\/wp-content\/uploads\/2020\/02\/cropped-Schermafbeelding-2020-02-18-om-22.31.36-e1582061705302.png\",\"contentUrl\":\"https:\/\/www.fasodansetheatre.com\/wp-content\/uploads\/2020\/02\/cropped-Schermafbeelding-2020-02-18-om-22.31.36-e1582061705302.png\",\"width\":512,\"height\":512,\"caption\":\"Faso Danse Theatre\"},\"image\":{\"@id\":\"https:\/\/www.fasodansetheatre.com\/#\/schema\/logo\/image\/\"}}]}<\/script>\n<!-- \/ Yoast SEO plugin. -->","yoast_head_json":{"title":"Et demain - Faso Danse Theatre","robots":{"index":"index","follow":"follow","max-snippet":"max-snippet:-1","max-image-preview":"max-image-preview:large","max-video-preview":"max-video-preview:-1"},"canonical":"https:\/\/www.fasodansetheatre.com\/fr\/productions\/et-demain\/","og_locale":"fr_FR","og_type":"article","og_title":"Et demain - Faso Danse Theatre","og_description":"ET DEMAIN 2004 Qu&#8217;est-ce qui s\u00e9pare le banal du puissant ou l&#8217;ennui de la violence ? Le fil est si fin ; et plus le fil est fin, plus la distance entre les privil\u00e9gi\u00e9s et les d\u00e9favoris\u00e9s de la soci\u00e9t\u00e9 est grande. Quel est le moment o\u00f9 les moments de complaisance dans l&#8217;attente d&#8217;un avenir [&hellip;]","og_url":"https:\/\/www.fasodansetheatre.com\/fr\/productions\/et-demain\/","og_site_name":"Faso Danse Theatre","article_modified_time":"2024-09-05T14:24:33+00:00","og_image":[{"url":"https:\/\/www.fasodansetheatre.com\/wp-content\/uploads\/2024\/03\/unnamed-2-768x576-1.jpg"}],"twitter_card":"summary_large_image","schema":{"@context":"https:\/\/schema.org","@graph":[{"@type":"WebPage","@id":"https:\/\/www.fasodansetheatre.com\/fr\/productions\/et-demain\/","url":"https:\/\/www.fasodansetheatre.com\/fr\/productions\/et-demain\/","name":"Et demain - Faso Danse Theatre","isPartOf":{"@id":"https:\/\/www.fasodansetheatre.com\/#website"},"primaryImageOfPage":{"@id":"https:\/\/www.fasodansetheatre.com\/fr\/productions\/et-demain\/#primaryimage"},"image":{"@id":"https:\/\/www.fasodansetheatre.com\/fr\/productions\/et-demain\/#primaryimage"},"thumbnailUrl":"https:\/\/www.fasodansetheatre.com\/wp-content\/uploads\/2024\/03\/unnamed-2-768x576-1.jpg","datePublished":"2024-09-05T14:24:21+00:00","dateModified":"2024-09-05T14:24:33+00:00","breadcrumb":{"@id":"https:\/\/www.fasodansetheatre.com\/fr\/productions\/et-demain\/#breadcrumb"},"inLanguage":"fr-FR","potentialAction":[{"@type":"ReadAction","target":["https:\/\/www.fasodansetheatre.com\/fr\/productions\/et-demain\/"]}]},{"@type":"ImageObject","inLanguage":"fr-FR","@id":"https:\/\/www.fasodansetheatre.com\/fr\/productions\/et-demain\/#primaryimage","url":"https:\/\/www.fasodansetheatre.com\/wp-content\/uploads\/2024\/03\/unnamed-2-768x576-1.jpg","contentUrl":"https:\/\/www.fasodansetheatre.com\/wp-content\/uploads\/2024\/03\/unnamed-2-768x576-1.jpg"},{"@type":"BreadcrumbList","@id":"https:\/\/www.fasodansetheatre.com\/fr\/productions\/et-demain\/#breadcrumb","itemListElement":[{"@type":"ListItem","position":1,"name":"Home","item":"https:\/\/www.fasodansetheatre.com\/"},{"@type":"ListItem","position":2,"name":"Productions","item":"https:\/\/www.fasodansetheatre.com\/fr\/productions\/"},{"@type":"ListItem","position":3,"name":"Et demain"}]},{"@type":"WebSite","@id":"https:\/\/www.fasodansetheatre.com\/#website","url":"https:\/\/www.fasodansetheatre.com\/","name":"Faso Danse Theatre","description":"","publisher":{"@id":"https:\/\/www.fasodansetheatre.com\/#organization"},"potentialAction":[{"@type":"SearchAction","target":{"@type":"EntryPoint","urlTemplate":"https:\/\/www.fasodansetheatre.com\/?s={search_term_string}"},"query-input":{"@type":"PropertyValueSpecification","valueRequired":true,"valueName":"search_term_string"}}],"inLanguage":"fr-FR"},{"@type":"Organization","@id":"https:\/\/www.fasodansetheatre.com\/#organization","name":"Faso Danse Theatre","url":"https:\/\/www.fasodansetheatre.com\/","logo":{"@type":"ImageObject","inLanguage":"fr-FR","@id":"https:\/\/www.fasodansetheatre.com\/#\/schema\/logo\/image\/","url":"https:\/\/www.fasodansetheatre.com\/wp-content\/uploads\/2020\/02\/cropped-Schermafbeelding-2020-02-18-om-22.31.36-e1582061705302.png","contentUrl":"https:\/\/www.fasodansetheatre.com\/wp-content\/uploads\/2020\/02\/cropped-Schermafbeelding-2020-02-18-om-22.31.36-e1582061705302.png","width":512,"height":512,"caption":"Faso Danse Theatre"},"image":{"@id":"https:\/\/www.fasodansetheatre.com\/#\/schema\/logo\/image\/"}}]}},"_links":{"self":[{"href":"https:\/\/www.fasodansetheatre.com\/fr\/wp-json\/wp\/v2\/pages\/5555"}],"collection":[{"href":"https:\/\/www.fasodansetheatre.com\/fr\/wp-json\/wp\/v2\/pages"}],"about":[{"href":"https:\/\/www.fasodansetheatre.com\/fr\/wp-json\/wp\/v2\/types\/page"}],"author":[{"embeddable":true,"href":"https:\/\/www.fasodansetheatre.com\/fr\/wp-json\/wp\/v2\/users\/3"}],"replies":[{"embeddable":true,"href":"https:\/\/www.fasodansetheatre.com\/fr\/wp-json\/wp\/v2\/comments?post=5555"}],"version-history":[{"count":5,"href":"https:\/\/www.fasodansetheatre.com\/fr\/wp-json\/wp\/v2\/pages\/5555\/revisions"}],"predecessor-version":[{"id":5562,"href":"https:\/\/www.fasodansetheatre.com\/fr\/wp-json\/wp\/v2\/pages\/5555\/revisions\/5562"}],"up":[{"embeddable":true,"href":"https:\/\/www.fasodansetheatre.com\/fr\/wp-json\/wp\/v2\/pages\/5430"}],"wp:attachment":[{"href":"https:\/\/www.fasodansetheatre.com\/fr\/wp-json\/wp\/v2\/media?parent=5555"}],"curies":[{"name":"wp","href":"https:\/\/api.w.org\/{rel}","templated":true}]}}